{"id":1212,"date":"2024-12-16T13:33:06","date_gmt":"2024-12-16T13:33:06","guid":{"rendered":"https:\/\/electricnetgroup.com\/?page_id=1212"},"modified":"2024-12-16T14:44:10","modified_gmt":"2024-12-16T14:44:10","slug":"parteneri","status":"publish","type":"page","link":"https:\/\/electricnetgroup.com\/index.php\/parteneri\/","title":{"rendered":"Parteneri"},"content":{"rendered":"\t\t<div data-elementor-type=\"wp-page\" data-elementor-id=\"1212\" class=\"elementor elementor-1212\" data-elementor-post-type=\"page\">\n\t\t\t\t<div class=\"elementor-element elementor-element-1965953 e-flex e-con-boxed e-con e-parent\" data-id=\"1965953\" data-element_type=\"container\" data-settings=\"{&quot;_ha_eqh_enable&quot;:false}\" data-core-v316-plus=\"true\">\n\t\t\t\t\t<div class=\"e-con-inner\">\n\t\t<div class=\"elementor-element elementor-element-2959194 e-con-full e-flex e-con e-child\" data-id=\"2959194\" data-element_type=\"container\" data-settings=\"{&quot;_ha_eqh_enable&quot;:false}\">\n\t\t\t\t<div class=\"elementor-element elementor-element-67b21be elementor-position-top elementor-widget elementor-widget-image-box\" data-id=\"67b21be\" data-element_type=\"widget\" data-widget_type=\"image-box.default\">\n\t\t\t\t<div class=\"elementor-widget-container\">\n\t\t\t<style>\/*! elementor - v3.20.0 - 26-03-2024 *\/\n.elementor-widget-image-box .elementor-image-box-content{width:100%}@media (min-width:768px){.elementor-widget-image-box.elementor-position-left .elementor-image-box-wrapper,.elementor-widget-image-box.elementor-position-right .elementor-image-box-wrapper{display:flex}.elementor-widget-image-box.elementor-position-right .elementor-image-box-wrapper{text-align:right;flex-direction:row-reverse}.elementor-widget-image-box.elementor-position-left .elementor-image-box-wrapper{text-align:left;flex-direction:row}.elementor-widget-image-box.elementor-position-top .elementor-image-box-img{margin:auto}.elementor-widget-image-box.elementor-vertical-align-top .elementor-image-box-wrapper{align-items:flex-start}.elementor-widget-image-box.elementor-vertical-align-middle .elementor-image-box-wrapper{align-items:center}.elementor-widget-image-box.elementor-vertical-align-bottom .elementor-image-box-wrapper{align-items:flex-end}}@media (max-width:767px){.elementor-widget-image-box .elementor-image-box-img{margin-left:auto!important;margin-right:auto!important;margin-bottom:15px}}.elementor-widget-image-box .elementor-image-box-img{display:inline-block}.elementor-widget-image-box .elementor-image-box-title a{color:inherit}.elementor-widget-image-box .elementor-image-box-wrapper{text-align:center}.elementor-widget-image-box .elementor-image-box-description{margin:0}<\/style><div class=\"elementor-image-box-wrapper\"><figure class=\"elementor-image-box-img\"><img fetchpriority=\"high\" decoding=\"async\" width=\"1024\" height=\"1024\" src=\"https:\/\/electricnetgroup.com\/wp-content\/uploads\/2024\/12\/freepik_edit_happy-caucasian-woman-with-brown-medium-hair-holdi-1-1024x1024.jpg\" class=\"attachment-large size-large wp-image-1215\" alt=\"\" srcset=\"https:\/\/electricnetgroup.com\/wp-content\/uploads\/2024\/12\/freepik_edit_happy-caucasian-woman-with-brown-medium-hair-holdi-1-1024x1024.jpg 1024w, https:\/\/electricnetgroup.com\/wp-content\/uploads\/2024\/12\/freepik_edit_happy-caucasian-woman-with-brown-medium-hair-holdi-1-300x300.jpg 300w, https:\/\/electricnetgroup.com\/wp-content\/uploads\/2024\/12\/freepik_edit_happy-caucasian-woman-with-brown-medium-hair-holdi-1-150x150.jpg 150w, https:\/\/electricnetgroup.com\/wp-content\/uploads\/2024\/12\/freepik_edit_happy-caucasian-woman-with-brown-medium-hair-holdi-1-768x768.jpg 768w, https:\/\/electricnetgroup.com\/wp-content\/uploads\/2024\/12\/freepik_edit_happy-caucasian-woman-with-brown-medium-hair-holdi-1-1536x1536.jpg 1536w, https:\/\/electricnetgroup.com\/wp-content\/uploads\/2024\/12\/freepik_edit_happy-caucasian-woman-with-brown-medium-hair-holdi-1-2048x2048.jpg 2048w\" sizes=\"(max-width: 1024px) 100vw, 1024px\" \/><\/figure><div class=\"elementor-image-box-content\"><h3 class=\"elementor-image-box-title\">Local Gaz<\/h3><p class=\"elementor-image-box-description\">O companie de \u00eencredere specializat\u0103 \u00een furnizarea gazelor naturale, oferind solu\u021bii sigure, eficiente \u0219i accesibile pentru clien\u021bi casnici \u0219i business. Cu un angajament ferm fa\u021b\u0103 de calitate \u0219i satisfac\u021bia clien\u021bilor, Local Gaz este partenerul ideal pentru un consum energetic optim.<\/p><\/div><\/div>\t\t<\/div>\n\t\t\t\t<\/div>\n\t\t<div class=\"elementor-element elementor-element-8787477 e-flex e-con-boxed e-con e-child\" data-id=\"8787477\" data-element_type=\"container\" data-settings=\"{&quot;_ha_eqh_enable&quot;:false}\">\n\t\t\t\t\t<div class=\"e-con-inner\">\n\t\t\t\t<div class=\"elementor-element elementor-element-66557f6 elementor-align-center elementor-widget elementor-widget-button\" data-id=\"66557f6\" data-element_type=\"widget\" data-widget_type=\"button.default\">\n\t\t\t\t<div class=\"elementor-widget-container\">\n\t\t\t\t\t<div class=\"elementor-button-wrapper\">\n\t\t\t<a class=\"elementor-button elementor-button-link elementor-size-sm\" href=\"https:\/\/localgaz.ro\/\">\n\t\t\t\t\t\t<span class=\"elementor-button-content-wrapper\">\n\t\t\t\t\t\t<span class=\"elementor-button-text\">Mai multe<\/span>\n\t\t<\/span>\n\t\t\t\t\t<\/a>\n\t\t<\/div>\n\t\t\t\t<\/div>\n\t\t\t\t<\/div>\n\t\t\t\t\t<\/div>\n\t\t\t\t<\/div>\n\t\t\t\t<\/div>\n\t\t<div class=\"elementor-element elementor-element-84146d6 e-con-full e-flex e-con e-child\" data-id=\"84146d6\" data-element_type=\"container\" data-settings=\"{&quot;_ha_eqh_enable&quot;:false}\">\n\t\t\t\t<div class=\"elementor-element elementor-element-0c4c1a5 elementor-position-top elementor-widget elementor-widget-image-box\" data-id=\"0c4c1a5\" data-element_type=\"widget\" data-widget_type=\"image-box.default\">\n\t\t\t\t<div class=\"elementor-widget-container\">\n\t\t\t<div class=\"elementor-image-box-wrapper\"><figure class=\"elementor-image-box-img\"><img decoding=\"async\" width=\"1024\" height=\"1024\" src=\"https:\/\/electricnetgroup.com\/wp-content\/uploads\/2024\/12\/local-gaz-1024x1024.jpg\" class=\"attachment-large size-large wp-image-1217\" alt=\"\" srcset=\"https:\/\/electricnetgroup.com\/wp-content\/uploads\/2024\/12\/local-gaz-1024x1024.jpg 1024w, https:\/\/electricnetgroup.com\/wp-content\/uploads\/2024\/12\/local-gaz-300x300.jpg 300w, https:\/\/electricnetgroup.com\/wp-content\/uploads\/2024\/12\/local-gaz-150x150.jpg 150w, https:\/\/electricnetgroup.com\/wp-content\/uploads\/2024\/12\/local-gaz-768x768.jpg 768w, https:\/\/electricnetgroup.com\/wp-content\/uploads\/2024\/12\/local-gaz-1536x1536.jpg 1536w, https:\/\/electricnetgroup.com\/wp-content\/uploads\/2024\/12\/local-gaz-2048x2048.jpg 2048w\" sizes=\"(max-width: 1024px) 100vw, 1024px\" \/><\/figure><div class=\"elementor-image-box-content\"><h3 class=\"elementor-image-box-title\">Local Capital<\/h3><p class=\"elementor-image-box-description\">Pentru nevoile tale financiare, \u00ee\u021bi recomand\u0103m firma Local Capital, un IFN de \u00eencredere, cu o experien\u021b\u0103 vast\u0103 \u00een furnizarea de servicii financiare de calitate. Ei ofer\u0103 solu\u021bii rapide \u0219i flexibile de \u00eemprumut, adaptate cerin\u021belor tale individuale, \u0219i se eviden\u021biaz\u0103 prin profesionalism \u0219i transparen\u021b\u0103\n\n<\/p><\/div><\/div>\t\t<\/div>\n\t\t\t\t<\/div>\n\t\t<div class=\"elementor-element elementor-element-fe10e25 e-flex e-con-boxed e-con e-child\" data-id=\"fe10e25\" data-element_type=\"container\" data-settings=\"{&quot;_ha_eqh_enable&quot;:false}\">\n\t\t\t\t\t<div class=\"e-con-inner\">\n\t\t\t\t<div class=\"elementor-element elementor-element-286d3ac elementor-align-center elementor-widget elementor-widget-button\" data-id=\"286d3ac\" data-element_type=\"widget\" data-widget_type=\"button.default\">\n\t\t\t\t<div class=\"elementor-widget-container\">\n\t\t\t\t\t<div class=\"elementor-button-wrapper\">\n\t\t\t<a class=\"elementor-button elementor-button-link elementor-size-sm\" href=\"https:\/\/localcapital.ro\/\">\n\t\t\t\t\t\t<span class=\"elementor-button-content-wrapper\">\n\t\t\t\t\t\t<span class=\"elementor-button-text\">Mai multe<\/span>\n\t\t<\/span>\n\t\t\t\t\t<\/a>\n\t\t<\/div>\n\t\t\t\t<\/div>\n\t\t\t\t<\/div>\n\t\t\t\t\t<\/div>\n\t\t\t\t<\/div>\n\t\t\t\t<\/div>\n\t\t<div class=\"elementor-element elementor-element-da3328e e-con-full e-flex e-con e-child\" data-id=\"da3328e\" data-element_type=\"container\" data-settings=\"{&quot;_ha_eqh_enable&quot;:false}\">\n\t\t\t\t<div class=\"elementor-element elementor-element-6fe3c7a elementor-position-top elementor-widget elementor-widget-image-box\" data-id=\"6fe3c7a\" data-element_type=\"widget\" data-widget_type=\"image-box.default\">\n\t\t\t\t<div class=\"elementor-widget-container\">\n\t\t\t<div class=\"elementor-image-box-wrapper\"><figure class=\"elementor-image-box-img\"><img decoding=\"async\" width=\"2560\" height=\"2560\" src=\"https:\/\/electricnetgroup.com\/wp-content\/uploads\/2024\/12\/energie-scaled.jpg\" class=\"attachment-full size-full wp-image-1218\" alt=\"\" srcset=\"https:\/\/electricnetgroup.com\/wp-content\/uploads\/2024\/12\/energie-scaled.jpg 2560w, https:\/\/electricnetgroup.com\/wp-content\/uploads\/2024\/12\/energie-300x300.jpg 300w, https:\/\/electricnetgroup.com\/wp-content\/uploads\/2024\/12\/energie-1024x1024.jpg 1024w, https:\/\/electricnetgroup.com\/wp-content\/uploads\/2024\/12\/energie-150x150.jpg 150w, https:\/\/electricnetgroup.com\/wp-content\/uploads\/2024\/12\/energie-768x768.jpg 768w, https:\/\/electricnetgroup.com\/wp-content\/uploads\/2024\/12\/energie-1536x1536.jpg 1536w, https:\/\/electricnetgroup.com\/wp-content\/uploads\/2024\/12\/energie-2048x2048.jpg 2048w\" sizes=\"(max-width: 2560px) 100vw, 2560px\" \/><\/figure><div class=\"elementor-image-box-content\"><h3 class=\"elementor-image-box-title\">Energie expert<\/h3><p class=\"elementor-image-box-description\">Dac\u0103 e\u0219ti interesat de utilizarea energiei solare \u0219i de reducerea facturilor tale la energie electric\u0103, te \u00eendrum\u0103m c\u0103tre firma Panouri Ieftine, specializat\u0103 \u00een panouri solare. Ace\u0219tia ofer\u0103 consultan\u021b\u0103 profesional\u0103, instalare de calitate \u0219i solu\u021bii inovatoare.<\/p><\/div><\/div>\t\t<\/div>\n\t\t\t\t<\/div>\n\t\t<div class=\"elementor-element elementor-element-e2c344f e-flex e-con-boxed e-con e-child\" data-id=\"e2c344f\" data-element_type=\"container\" data-settings=\"{&quot;_ha_eqh_enable&quot;:false}\">\n\t\t\t\t\t<div class=\"e-con-inner\">\n\t\t\t\t<div class=\"elementor-element elementor-element-1cd263a elementor-align-center elementor-widget elementor-widget-button\" data-id=\"1cd263a\" data-element_type=\"widget\" data-widget_type=\"button.default\">\n\t\t\t\t<div class=\"elementor-widget-container\">\n\t\t\t\t\t<div class=\"elementor-button-wrapper\">\n\t\t\t<a class=\"elementor-button elementor-button-link elementor-size-sm\" href=\"https:\/\/energiexpert.ro\/?srsltid=AfmBOorYLlTddAVApUiA14jaVpTwsqUhhKupuek4CMJcOjpnOJtryQxw\">\n\t\t\t\t\t\t<span class=\"elementor-button-content-wrapper\">\n\t\t\t\t\t\t<span class=\"elementor-button-text\">Mai multe<\/span>\n\t\t<\/span>\n\t\t\t\t\t<\/a>\n\t\t<\/div>\n\t\t\t\t<\/div>\n\t\t\t\t<\/div>\n\t\t\t\t\t<\/div>\n\t\t\t\t<\/div>\n\t\t\t\t<\/div>\n\t\t\t\t\t<\/div>\n\t\t\t\t<\/div>\n\t\t\t\t<\/div>\n\t\t","protected":false},"excerpt":{"rendered":"<p>Local Gaz O companie de \u00eencredere specializat\u0103 \u00een furnizarea gazelor naturale, oferind solu\u021bii sigure, eficiente \u0219i accesibile pentru clien\u021bi casnici \u0219i business. Cu un angajament ferm fa\u021b\u0103 de calitate \u0219i satisfac\u021bia clien\u021bilor, Local Gaz este partenerul ideal pentru un consum energetic optim. Mai multe Local Capital Pentru nevoile tale financiare, \u00ee\u021bi recomand\u0103m firma Local Capital,&hellip;&nbsp;<a href=\"https:\/\/electricnetgroup.com\/index.php\/parteneri\/\" class=\"\" rel=\"bookmark\">Cite\u0219te mai mult &raquo;<span class=\"screen-reader-text\">Parteneri<\/span><\/a><\/p>\n","protected":false},"author":1,"featured_media":0,"parent":0,"menu_order":0,"comment_status":"closed","ping_status":"closed","template":"page-templates\/template-pagebuilder-full-width.php","meta":{"neve_meta_sidebar":"","neve_meta_container":"","neve_meta_enable_content_width":"","neve_meta_content_width":0,"neve_meta_title_alignment":"","neve_meta_author_avatar":"","neve_post_elements_order":"","neve_meta_disable_header":"","neve_meta_disable_footer":"","neve_meta_disable_title":"","footnotes":""},"class_list":["post-1212","page","type-page","status-publish","hentry"],"_links":{"self":[{"href":"https:\/\/electricnetgroup.com\/index.php\/wp-json\/wp\/v2\/pages\/1212","targetHints":{"allow":["GET"]}}],"collection":[{"href":"https:\/\/electricnetgroup.com\/index.php\/wp-json\/wp\/v2\/pages"}],"about":[{"href":"https:\/\/electricnetgroup.com\/index.php\/wp-json\/wp\/v2\/types\/page"}],"author":[{"embeddable":true,"href":"https:\/\/electricnetgroup.com\/index.php\/wp-json\/wp\/v2\/users\/1"}],"replies":[{"embeddable":true,"href":"https:\/\/electricnetgroup.com\/index.php\/wp-json\/wp\/v2\/comments?post=1212"}],"version-history":[{"count":25,"href":"https:\/\/electricnetgroup.com\/index.php\/wp-json\/wp\/v2\/pages\/1212\/revisions"}],"predecessor-version":[{"id":1242,"href":"https:\/\/electricnetgroup.com\/index.php\/wp-json\/wp\/v2\/pages\/1212\/revisions\/1242"}],"wp:attachment":[{"href":"https:\/\/electricnetgroup.com\/index.php\/wp-json\/wp\/v2\/media?parent=1212"}],"curies":[{"name":"wp","href":"https:\/\/api.w.org\/{rel}","templated":true}]}}