{"id":1244,"date":"2024-12-16T14:46:52","date_gmt":"2024-12-16T14:46:52","guid":{"rendered":"https:\/\/electricnetgroup.com\/?page_id=1244"},"modified":"2026-05-05T12:13:43","modified_gmt":"2026-05-05T12:13:43","slug":"conventia-de-consum","status":"publish","type":"page","link":"https:\/\/electricnetgroup.com\/index.php\/conventia-de-consum\/","title":{"rendered":"Conven\u021bia de consum"},"content":{"rendered":"\t\t<div data-elementor-type=\"wp-page\" data-elementor-id=\"1244\" class=\"elementor elementor-1244\" data-elementor-post-type=\"page\">\n\t\t\t\t<div class=\"elementor-element elementor-element-7c0a7f0 e-flex e-con-boxed e-con e-parent\" data-id=\"7c0a7f0\" data-element_type=\"container\" data-settings=\"{&quot;_ha_eqh_enable&quot;:false}\" data-core-v316-plus=\"true\">\n\t\t\t\t\t<div class=\"e-con-inner\">\n\t\t<div class=\"elementor-element elementor-element-eedee68 e-con-full e-flex e-con e-child\" data-id=\"eedee68\" data-element_type=\"container\" data-settings=\"{&quot;_ha_eqh_enable&quot;:false}\">\n\t\t\t\t<div class=\"elementor-element elementor-element-415b1c5 elementor-widget elementor-widget-image\" data-id=\"415b1c5\" data-element_type=\"widget\" data-widget_type=\"image.default\">\n\t\t\t\t<div class=\"elementor-widget-container\">\n\t\t\t<style>\/*! elementor - v3.20.0 - 26-03-2024 *\/\n.elementor-widget-image{text-align:center}.elementor-widget-image a{display:inline-block}.elementor-widget-image a img[src$=\".svg\"]{width:48px}.elementor-widget-image img{vertical-align:middle;display:inline-block}<\/style>\t\t\t\t\t\t\t\t\t\t<img fetchpriority=\"high\" decoding=\"async\" width=\"1024\" height=\"682\" src=\"https:\/\/electricnetgroup.com\/wp-content\/uploads\/2024\/12\/hand-businesswoman-writing-paper-office-1024x682.jpg\" class=\"attachment-large size-large wp-image-1247\" alt=\"\" srcset=\"https:\/\/electricnetgroup.com\/wp-content\/uploads\/2024\/12\/hand-businesswoman-writing-paper-office-1024x682.jpg 1024w, https:\/\/electricnetgroup.com\/wp-content\/uploads\/2024\/12\/hand-businesswoman-writing-paper-office-300x200.jpg 300w, https:\/\/electricnetgroup.com\/wp-content\/uploads\/2024\/12\/hand-businesswoman-writing-paper-office-768x512.jpg 768w, https:\/\/electricnetgroup.com\/wp-content\/uploads\/2024\/12\/hand-businesswoman-writing-paper-office-1536x1024.jpg 1536w, https:\/\/electricnetgroup.com\/wp-content\/uploads\/2024\/12\/hand-businesswoman-writing-paper-office-930x620.jpg 930w, https:\/\/electricnetgroup.com\/wp-content\/uploads\/2024\/12\/hand-businesswoman-writing-paper-office.jpg 2000w\" sizes=\"(max-width: 1024px) 100vw, 1024px\" \/>\t\t\t\t\t\t\t\t\t\t\t\t\t<\/div>\n\t\t\t\t<\/div>\n\t\t\t\t<\/div>\n\t\t<div class=\"elementor-element elementor-element-24a9736 e-con-full e-flex e-con e-child\" data-id=\"24a9736\" data-element_type=\"container\" data-settings=\"{&quot;_ha_eqh_enable&quot;:false}\">\n\t\t\t\t<div class=\"elementor-element elementor-element-8f375f1 elementor-widget elementor-widget-text-editor\" data-id=\"8f375f1\" data-element_type=\"widget\" data-widget_type=\"text-editor.default\">\n\t\t\t\t<div class=\"elementor-widget-container\">\n\t\t\t<style>\/*! elementor - v3.20.0 - 26-03-2024 *\/\n.elementor-widget-text-editor.elementor-drop-cap-view-stacked .elementor-drop-cap{background-color:#69727d;color:#fff}.elementor-widget-text-editor.elementor-drop-cap-view-framed .elementor-drop-cap{color:#69727d;border:3px solid;background-color:transparent}.elementor-widget-text-editor:not(.elementor-drop-cap-view-default) .elementor-drop-cap{margin-top:8px}.elementor-widget-text-editor:not(.elementor-drop-cap-view-default) .elementor-drop-cap-letter{width:1em;height:1em}.elementor-widget-text-editor .elementor-drop-cap{float:left;text-align:center;line-height:1;font-size:50px}.elementor-widget-text-editor .elementor-drop-cap-letter{display:inline-block}<\/style>\t\t\t\t<div class=\"flex-1 overflow-hidden @container\/thread\"><p>\u00a0<\/p><div class=\"h-full\"><div class=\"react-scroll-to-bottom--css-rahto-79elbk h-full\"><div class=\"react-scroll-to-bottom--css-rahto-1n7m0yu\"><div class=\"flex flex-col text-sm md:pb-9\"><article class=\"w-full scroll-mb-[var(--thread-trailing-height,150px)] text-token-text-primary focus-visible:outline-2 focus-visible:outline-offset-[-4px]\" dir=\"auto\" data-testid=\"conversation-turn-19\" data-scroll-anchor=\"true\"><div class=\"m-auto text-base py-[18px] px-3 md:px-4 w-full md:px-5 lg:px-4 xl:px-5\"><div class=\"mx-auto flex flex-1 gap-4 text-base md:gap-5 lg:gap-6 md:max-w-3xl lg:max-w-[40rem] xl:max-w-[48rem]\"><div class=\"group\/conversation-turn relative flex w-full min-w-0 flex-col agent-turn\"><div class=\"flex-col gap-1 md:gap-3\"><div class=\"flex max-w-full flex-col flex-grow\"><div class=\"min-h-8 text-message flex w-full flex-col items-end gap-2 whitespace-normal break-words text-start [.text-message+&amp;]:mt-5\" dir=\"auto\" data-message-author-role=\"assistant\" data-message-id=\"d4e17357-7a5c-4966-aa06-87fd879cf335\" data-message-model-slug=\"gpt-4o-canmore\"><div class=\"flex w-full flex-col gap-1 empty:hidden first:pt-[3px]\"><div class=\"markdown prose w-full break-words dark:prose-invert light\"><p><strong>Ce este conven<\/strong><strong>\u021b<\/strong><strong>ia de consum?<\/strong><\/p><p>Conven\u021bia de consum este un document semnat \u00eentre client \u0219i furnizor, care stabile\u0219te, de comun acord, o estimare a cantit\u0103\u021bii de energie electric\u0103 ce va fi utilizat\u0103 pentru facturare. Dac\u0103 nu transmi\u021bi indexul lunar c\u0103tre furnizor, conform Ordinului ANRE nr. 5\/2023, factura se va baza pe aceast\u0103 conven\u021bie. Aceasta se aplic\u0103 at\u00e2t pentru clien\u021bii casnici, c\u00e2t \u0219i pentru cei non-casnici \u0219i face parte integrant\u0103 din contractul cu furnizorul de energie.<\/p><\/div><\/div><\/div><\/div><\/div><\/div><\/div><\/div><\/article><\/div><\/div><\/div><\/div><\/div>\t\t\t\t\t\t<\/div>\n\t\t\t\t<\/div>\n\t\t\t\t<\/div>\n\t\t\t\t\t<\/div>\n\t\t\t\t<\/div>\n\t\t<div class=\"elementor-element elementor-element-802c083 e-flex e-con-boxed e-con e-parent\" data-id=\"802c083\" data-element_type=\"container\" data-settings=\"{&quot;_ha_eqh_enable&quot;:false}\" data-core-v316-plus=\"true\">\n\t\t\t\t\t<div class=\"e-con-inner\">\n\t\t<div class=\"elementor-element elementor-element-0528acd e-con-full e-flex e-con e-child\" data-id=\"0528acd\" data-element_type=\"container\" data-settings=\"{&quot;_ha_eqh_enable&quot;:false}\">\n\t\t\t\t<div class=\"elementor-element elementor-element-9447dd5 elementor-widget elementor-widget-text-editor\" data-id=\"9447dd5\" data-element_type=\"widget\" data-widget_type=\"text-editor.default\">\n\t\t\t\t<div class=\"elementor-widget-container\">\n\t\t\t\t\t\t\t<p><strong>Rolul operatorului de distribu<\/strong><strong>\u021b<\/strong><strong>ie<\/strong><\/p><p>Operatorul de distribu\u021bie este responsabil de stabilirea valorilor din conven\u021bia de consum, baz\u00e2ndu-se pe urm\u0103toarele criterii:<\/p>\t\t\t\t\t\t<\/div>\n\t\t\t\t<\/div>\n\t\t\t\t<\/div>\n\t\t<div class=\"elementor-element elementor-element-027d950 e-con-full e-flex e-con e-child\" data-id=\"027d950\" data-element_type=\"container\" data-settings=\"{&quot;_ha_eqh_enable&quot;:false}\">\n\t\t\t\t<div class=\"elementor-element elementor-element-f98410d elementor-widget elementor-widget-text-editor\" data-id=\"f98410d\" data-element_type=\"widget\" data-widget_type=\"text-editor.default\">\n\t\t\t\t<div class=\"elementor-widget-container\">\n\t\t\t\t\t\t\t<ol><li><strong>Istoricul consumului:<\/strong> Cantitatea de energie \u00eenregistrat\u0103 la locul t\u0103u de consum \u00een aceea\u0219i perioad\u0103 a anului precedent sau determinat\u0103 conform citirilor recente efectuate de operator.<\/li><li><strong>Profilul de consum:<\/strong> Dac\u0103 nu exist\u0103 un istoric de consum, valorile se stabilesc pe baza unui profil specific categoriei de clien\u021bi din care faci parte.<\/li><\/ol>\t\t\t\t\t\t<\/div>\n\t\t\t\t<\/div>\n\t\t\t\t<\/div>\n\t\t<div class=\"elementor-element elementor-element-2883785 e-con-full e-flex e-con e-child\" data-id=\"2883785\" data-element_type=\"container\" data-settings=\"{&quot;_ha_eqh_enable&quot;:false}\">\n\t\t\t\t<div class=\"elementor-element elementor-element-ec3dd84 elementor-widget elementor-widget-text-editor\" data-id=\"ec3dd84\" data-element_type=\"widget\" data-widget_type=\"text-editor.default\">\n\t\t\t\t<div class=\"elementor-widget-container\">\n\t\t\t\t\t\t\t<p><strong>Rolul clientului<\/strong><\/p><p>Ca \u0219i client, ai posibilitatea s\u0103 propui valorile conven\u021biei de consum \u00een momentul semn\u0103rii unui nou contract. Estimezi cantitatea medie de energie electric\u0103 sau gaze naturale pe care o vei consuma lunar. Aceste valori vor fi folosite pentru emiterea facturilor, dac\u0103 nu transmi\u021bi indexul sau dac\u0103 contorul inteligent nu este integrat \u00een sistemul de telecitire.<\/p><p>Dup\u0103 ce transmi\u021bi estimarea, operatorul de distribu\u021bie valideaz\u0103 cantitatea raportat\u0103 \u00een func\u021bie de puterea instalat\u0103 la locul t\u0103u de consum. Dac\u0103 valorile declarate sunt prea mici sau prea mari, operatorul poate solicita ajustarea conven\u021biei.<\/p>\t\t\t\t\t\t<\/div>\n\t\t\t\t<\/div>\n\t\t\t\t<\/div>\n\t\t\t\t\t<\/div>\n\t\t\t\t<\/div>\n\t\t<div class=\"elementor-element elementor-element-68390f5 e-flex e-con-boxed e-con e-parent\" data-id=\"68390f5\" data-element_type=\"container\" data-settings=\"{&quot;background_background&quot;:&quot;classic&quot;,&quot;_ha_eqh_enable&quot;:false}\" data-core-v316-plus=\"true\">\n\t\t\t\t\t<div class=\"e-con-inner\">\n\t\t\t\t<div class=\"elementor-element elementor-element-eef03ff elementor-widget elementor-widget-text-editor\" data-id=\"eef03ff\" data-element_type=\"widget\" data-widget_type=\"text-editor.default\">\n\t\t\t\t<div class=\"elementor-widget-container\">\n\t\t\t\t\t\t\t<p><strong>Modificarea conven<\/strong><strong>\u021b<\/strong><strong>iei de consum<\/strong><\/p><p>Consumul t\u0103u poate varia pe durata contractului, iar conven\u021bia de consum poate fi ajustat\u0103 pentru a reflecta mai bine aceste modific\u0103ri. Pa\u0219ii necesari sunt urm\u0103torii:<\/p>\t\t\t\t\t\t<\/div>\n\t\t\t\t<\/div>\n\t\t\t\t\t<\/div>\n\t\t\t\t<\/div>\n\t\t<div class=\"elementor-element elementor-element-dd1b75e e-flex e-con-boxed e-con e-parent\" data-id=\"dd1b75e\" data-element_type=\"container\" data-settings=\"{&quot;_ha_eqh_enable&quot;:false}\" data-core-v316-plus=\"true\">\n\t\t\t\t\t<div class=\"e-con-inner\">\n\t\t<div class=\"elementor-element elementor-element-3d29e0d e-con-full e-flex e-con e-child\" data-id=\"3d29e0d\" data-element_type=\"container\" data-settings=\"{&quot;_ha_eqh_enable&quot;:false}\">\n\t\t\t\t<div class=\"elementor-element elementor-element-56c3fb4 elementor-widget elementor-widget-text-editor\" data-id=\"56c3fb4\" data-element_type=\"widget\" data-widget_type=\"text-editor.default\">\n\t\t\t\t<div class=\"elementor-widget-container\">\n\t\t\t\t\t\t\t<ol><li><strong>Trimiterea solicit\u0103rii:<\/strong><\/li><\/ol><p>Descarc\u0103 formularul pentru conven\u021bia de consum (disponibil \u015fi <a href=\"https:\/\/electricnetgroup.com\/wp-content\/uploads\/2024\/12\/conventie_curent.pdf\">aici<\/a>) \u0219i completeaz\u0103-l cu aten\u021bie. Trimite formularul prin po\u0219t\u0103 la sediul nostru, pe adresa:<br \/><strong>Str. Vasile Lucaciu, Nr. 3, Satu Mare, Jud. Satu Mare.<\/strong><\/p>\t\t\t\t\t\t<\/div>\n\t\t\t\t<\/div>\n\t\t\t\t<\/div>\n\t\t<div class=\"elementor-element elementor-element-d6e7366 e-con-full e-flex e-con e-child\" data-id=\"d6e7366\" data-element_type=\"container\" data-settings=\"{&quot;_ha_eqh_enable&quot;:false}\">\n\t\t\t\t<div class=\"elementor-element elementor-element-2d7b4a8 elementor-widget elementor-widget-text-editor\" data-id=\"2d7b4a8\" data-element_type=\"widget\" data-widget_type=\"text-editor.default\">\n\t\t\t\t<div class=\"elementor-widget-container\">\n\t\t\t\t\t\t\t<p><strong>2. Include \u00een cerere urm\u0103toarele informa\u021bii:<\/strong><\/p><ul><li>Datele de identificare ale locului de consum.<\/li><li>Valorile estimate pentru consumul de energie aferente lunii sau lunilor pentru care dore\u0219ti modific\u0103ri.<\/li><\/ul>\t\t\t\t\t\t<\/div>\n\t\t\t\t<\/div>\n\t\t\t\t<\/div>\n\t\t<div class=\"elementor-element elementor-element-3a8fa9a e-con-full e-flex e-con e-child\" data-id=\"3a8fa9a\" data-element_type=\"container\" data-settings=\"{&quot;_ha_eqh_enable&quot;:false}\">\n\t\t\t\t<div class=\"elementor-element elementor-element-f7e3b8b elementor-widget elementor-widget-text-editor\" data-id=\"f7e3b8b\" data-element_type=\"widget\" data-widget_type=\"text-editor.default\">\n\t\t\t\t<div class=\"elementor-widget-container\">\n\t\t\t\t\t\t\t<p><strong>3. Transmiterea c<\/strong><strong>\u0103<\/strong><strong>tre operator:<\/strong><br \/>Furnizorul va transmite operatorului de distribu\u021bie conven\u021bia de consum actualizat\u0103, conform datelor furnizate de tine.<\/p>\t\t\t\t\t\t<\/div>\n\t\t\t\t<\/div>\n\t\t\t\t<\/div>\n\t\t<div class=\"elementor-element elementor-element-f73a383 e-con-full e-flex e-con e-child\" data-id=\"f73a383\" data-element_type=\"container\" data-settings=\"{&quot;_ha_eqh_enable&quot;:false}\">\n\t\t\t\t<div class=\"elementor-element elementor-element-c43df29 elementor-widget elementor-widget-text-editor\" data-id=\"c43df29\" data-element_type=\"widget\" data-widget_type=\"text-editor.default\">\n\t\t\t\t<div class=\"elementor-widget-container\">\n\t\t\t\t\t\t\t<p><strong>4. Validare:<\/strong><br \/>Operatorul de distribu\u021bie va valida noile valori sau, dac\u0103 este cazul, va refuza propunerea. \u00cen situa\u021bia unui refuz, furnizorul te va informa \u00een acest sens.<\/p>\t\t\t\t\t\t<\/div>\n\t\t\t\t<\/div>\n\t\t\t\t<\/div>\n\t\t\t\t\t<\/div>\n\t\t\t\t<\/div>\n\t\t<div class=\"elementor-element elementor-element-d2bb0d4 e-flex e-con-boxed e-con e-parent\" data-id=\"d2bb0d4\" data-element_type=\"container\" data-settings=\"{&quot;_ha_eqh_enable&quot;:false}\" data-core-v316-plus=\"true\">\n\t\t\t\t\t<div class=\"e-con-inner\">\n\t\t<div class=\"elementor-element elementor-element-0b3c820 e-con-full e-flex e-con e-child\" data-id=\"0b3c820\" data-element_type=\"container\" data-settings=\"{&quot;_ha_eqh_enable&quot;:false}\">\n\t\t\t\t<div class=\"elementor-element elementor-element-c857094 elementor-widget elementor-widget-text-editor\" data-id=\"c857094\" data-element_type=\"widget\" data-widget_type=\"text-editor.default\">\n\t\t\t\t<div class=\"elementor-widget-container\">\n\t\t\t\t\t\t\t<p>Mai jos g\u0103se\u0219ti formularul pe care trebuie s\u0103 \u00eel completezi \u00een caz c\u0103 dore\u0219ti propunerea conven\u021biei de consum.<\/p><p><a href=\"https:\/\/electricnetgroup.com\/wp-content\/uploads\/2024\/12\/conventie_curent.pdf\">Formular pentru Conven\u021bia de Consum<\/a>-Casnici<\/p><p><a href=\"https:\/\/electricnetgroup.com\/wp-content\/uploads\/2025\/02\/Act-aditional_actualizare-conventie-consum-noncasnici_Grenerg-SRL_26112024.pdf\">Formular pentru Conven\u021bia de Consum<\/a>-Noncasnici<\/p>\t\t\t\t\t\t<\/div>\n\t\t\t\t<\/div>\n\t\t\t\t<\/div>\n\t\t<div class=\"elementor-element elementor-element-9e96d28 e-con-full e-flex e-con e-child\" data-id=\"9e96d28\" data-element_type=\"container\" data-settings=\"{&quot;_ha_eqh_enable&quot;:false}\">\n\t\t\t\t<div class=\"elementor-element elementor-element-36df249 elementor-widget elementor-widget-text-editor\" data-id=\"36df249\" data-element_type=\"widget\" data-widget_type=\"text-editor.default\">\n\t\t\t\t<div class=\"elementor-widget-container\">\n\t\t\t\t\t\t\t<p>Explicarea modului \u00een care trebuie s\u0103 completa\u021bi corect conven\u021bia de consum o g\u0103si\u021bi mai jos.<\/p><p><a href=\"https:\/\/electricnetgroup.com\/wp-content\/uploads\/2024\/12\/c__d_c_e.pdf\">Conven\u021bia de consum explicat\u0103<\/a><\/p>\t\t\t\t\t\t<\/div>\n\t\t\t\t<\/div>\n\t\t\t\t<\/div>\n\t\t\t\t\t<\/div>\n\t\t\t\t<\/div>\n\t\t<div class=\"elementor-element elementor-element-cea5c0e e-flex e-con-boxed e-con e-parent\" data-id=\"cea5c0e\" data-element_type=\"container\" data-settings=\"{&quot;_ha_eqh_enable&quot;:false}\" data-core-v316-plus=\"true\">\n\t\t\t\t\t<div class=\"e-con-inner\">\n\t\t<div class=\"elementor-element elementor-element-60c27d2 e-flex e-con-boxed e-con e-child\" data-id=\"60c27d2\" data-element_type=\"container\" data-settings=\"{&quot;background_background&quot;:&quot;classic&quot;,&quot;_ha_eqh_enable&quot;:false}\">\n\t\t\t\t\t<div class=\"e-con-inner\">\n\t\t\t\t<div class=\"elementor-element elementor-element-94e5a79 elementor-widget elementor-widget-text-editor\" data-id=\"94e5a79\" data-element_type=\"widget\" data-widget_type=\"text-editor.default\">\n\t\t\t\t<div class=\"elementor-widget-container\">\n\t\t\t\t\t\t\t<h5>Dac\u0103 \u00eent\u00e2mpina\u021bi orice problem\u0103 sau ave\u021bi \u00eentreb\u0103ri, nu ezita\u021bi s\u0103 ne contacta\u021bi.<\/h5>\t\t\t\t\t\t<\/div>\n\t\t\t\t<\/div>\n\t\t\t\t<div class=\"elementor-element elementor-element-34a7975 elementor-align-center elementor-widget elementor-widget-button\" data-id=\"34a7975\" data-element_type=\"widget\" data-widget_type=\"button.default\">\n\t\t\t\t<div class=\"elementor-widget-container\">\n\t\t\t\t\t<div class=\"elementor-button-wrapper\">\n\t\t\t<a class=\"elementor-button elementor-button-link elementor-size-sm\" href=\"https:\/\/electricnetgroup.com\/index.php\/contact\/\">\n\t\t\t\t\t\t<span class=\"elementor-button-content-wrapper\">\n\t\t\t\t\t\t<span class=\"elementor-button-text\">Contact<\/span>\n\t\t<\/span>\n\t\t\t\t\t<\/a>\n\t\t<\/div>\n\t\t\t\t<\/div>\n\t\t\t\t<\/div>\n\t\t\t\t\t<\/div>\n\t\t\t\t<\/div>\n\t\t\t\t\t<\/div>\n\t\t\t\t<\/div>\n\t\t<div class=\"elementor-element elementor-element-14c90e7 e-flex e-con-boxed e-con e-parent\" data-id=\"14c90e7\" data-element_type=\"container\" data-settings=\"{&quot;_ha_eqh_enable&quot;:false}\" data-core-v316-plus=\"true\">\n\t\t\t\t\t<div class=\"e-con-inner\">\n\t\t\t\t<div class=\"elementor-element elementor-element-d1812ea elementor-widget-divider--view-line elementor-widget elementor-widget-divider\" data-id=\"d1812ea\" data-element_type=\"widget\" data-widget_type=\"divider.default\">\n\t\t\t\t<div class=\"elementor-widget-container\">\n\t\t\t<style>\/*! elementor - v3.20.0 - 26-03-2024 *\/\n.elementor-widget-divider{--divider-border-style:none;--divider-border-width:1px;--divider-color:#0c0d0e;--divider-icon-size:20px;--divider-element-spacing:10px;--divider-pattern-height:24px;--divider-pattern-size:20px;--divider-pattern-url:none;--divider-pattern-repeat:repeat-x}.elementor-widget-divider .elementor-divider{display:flex}.elementor-widget-divider .elementor-divider__text{font-size:15px;line-height:1;max-width:95%}.elementor-widget-divider .elementor-divider__element{margin:0 var(--divider-element-spacing);flex-shrink:0}.elementor-widget-divider .elementor-icon{font-size:var(--divider-icon-size)}.elementor-widget-divider .elementor-divider-separator{display:flex;margin:0;direction:ltr}.elementor-widget-divider--view-line_icon .elementor-divider-separator,.elementor-widget-divider--view-line_text .elementor-divider-separator{align-items:center}.elementor-widget-divider--view-line_icon .elementor-divider-separator:after,.elementor-widget-divider--view-line_icon .elementor-divider-separator:before,.elementor-widget-divider--view-line_text .elementor-divider-separator:after,.elementor-widget-divider--view-line_text .elementor-divider-separator:before{display:block;content:\"\";border-block-end:0;flex-grow:1;border-block-start:var(--divider-border-width) var(--divider-border-style) var(--divider-color)}.elementor-widget-divider--element-align-left .elementor-divider .elementor-divider-separator>.elementor-divider__svg:first-of-type{flex-grow:0;flex-shrink:100}.elementor-widget-divider--element-align-left .elementor-divider-separator:before{content:none}.elementor-widget-divider--element-align-left .elementor-divider__element{margin-left:0}.elementor-widget-divider--element-align-right .elementor-divider .elementor-divider-separator>.elementor-divider__svg:last-of-type{flex-grow:0;flex-shrink:100}.elementor-widget-divider--element-align-right .elementor-divider-separator:after{content:none}.elementor-widget-divider--element-align-right .elementor-divider__element{margin-right:0}.elementor-widget-divider--element-align-start .elementor-divider .elementor-divider-separator>.elementor-divider__svg:first-of-type{flex-grow:0;flex-shrink:100}.elementor-widget-divider--element-align-start .elementor-divider-separator:before{content:none}.elementor-widget-divider--element-align-start .elementor-divider__element{margin-inline-start:0}.elementor-widget-divider--element-align-end .elementor-divider .elementor-divider-separator>.elementor-divider__svg:last-of-type{flex-grow:0;flex-shrink:100}.elementor-widget-divider--element-align-end .elementor-divider-separator:after{content:none}.elementor-widget-divider--element-align-end .elementor-divider__element{margin-inline-end:0}.elementor-widget-divider:not(.elementor-widget-divider--view-line_text):not(.elementor-widget-divider--view-line_icon) .elementor-divider-separator{border-block-start:var(--divider-border-width) var(--divider-border-style) var(--divider-color)}.elementor-widget-divider--separator-type-pattern{--divider-border-style:none}.elementor-widget-divider--separator-type-pattern.elementor-widget-divider--view-line .elementor-divider-separator,.elementor-widget-divider--separator-type-pattern:not(.elementor-widget-divider--view-line) .elementor-divider-separator:after,.elementor-widget-divider--separator-type-pattern:not(.elementor-widget-divider--view-line) .elementor-divider-separator:before,.elementor-widget-divider--separator-type-pattern:not([class*=elementor-widget-divider--view]) .elementor-divider-separator{width:100%;min-height:var(--divider-pattern-height);-webkit-mask-size:var(--divider-pattern-size) 100%;mask-size:var(--divider-pattern-size) 100%;-webkit-mask-repeat:var(--divider-pattern-repeat);mask-repeat:var(--divider-pattern-repeat);background-color:var(--divider-color);-webkit-mask-image:var(--divider-pattern-url);mask-image:var(--divider-pattern-url)}.elementor-widget-divider--no-spacing{--divider-pattern-size:auto}.elementor-widget-divider--bg-round{--divider-pattern-repeat:round}.rtl .elementor-widget-divider .elementor-divider__text{direction:rtl}.e-con-inner>.elementor-widget-divider,.e-con>.elementor-widget-divider{width:var(--container-widget-width,100%);--flex-grow:var(--container-widget-flex-grow)}<\/style>\t\t<div class=\"elementor-divider\">\n\t\t\t<span class=\"elementor-divider-separator\">\n\t\t\t\t\t\t<\/span>\n\t\t<\/div>\n\t\t\t\t<\/div>\n\t\t\t\t<\/div>\n\t\t\t\t\t<\/div>\n\t\t\t\t<\/div>\n\t\t\t\t<\/div>\n\t\t","protected":false},"excerpt":{"rendered":"<p>\u00a0 Ce este conven\u021bia de consum? Conven\u021bia de consum este un document semnat \u00eentre client \u0219i furnizor, care stabile\u0219te, de comun acord, o estimare a cantit\u0103\u021bii de energie electric\u0103 ce va fi utilizat\u0103 pentru facturare. Dac\u0103 nu transmi\u021bi indexul lunar c\u0103tre furnizor, conform Ordinului ANRE nr. 5\/2023, factura se va baza pe aceast\u0103 conven\u021bie. Aceasta&hellip;&nbsp;<a href=\"https:\/\/electricnetgroup.com\/index.php\/conventia-de-consum\/\" class=\"\" rel=\"bookmark\">Cite\u0219te mai mult &raquo;<span class=\"screen-reader-text\">Conven\u021bia de consum<\/span><\/a><\/p>\n","protected":false},"author":1,"featured_media":0,"parent":0,"menu_order":0,"comment_status":"closed","ping_status":"closed","template":"page-templates\/template-pagebuilder-full-width.php","meta":{"neve_meta_sidebar":"","neve_meta_container":"","neve_meta_enable_content_width":"","neve_meta_content_width":0,"neve_meta_title_alignment":"","neve_meta_author_avatar":"","neve_post_elements_order":"","neve_meta_disable_header":"","neve_meta_disable_footer":"","neve_meta_disable_title":"","footnotes":""},"class_list":["post-1244","page","type-page","status-publish","hentry"],"_links":{"self":[{"href":"https:\/\/electricnetgroup.com\/index.php\/wp-json\/wp\/v2\/pages\/1244","targetHints":{"allow":["GET"]}}],"collection":[{"href":"https:\/\/electricnetgroup.com\/index.php\/wp-json\/wp\/v2\/pages"}],"about":[{"href":"https:\/\/electricnetgroup.com\/index.php\/wp-json\/wp\/v2\/types\/page"}],"author":[{"embeddable":true,"href":"https:\/\/electricnetgroup.com\/index.php\/wp-json\/wp\/v2\/users\/1"}],"replies":[{"embeddable":true,"href":"https:\/\/electricnetgroup.com\/index.php\/wp-json\/wp\/v2\/comments?post=1244"}],"version-history":[{"count":70,"href":"https:\/\/electricnetgroup.com\/index.php\/wp-json\/wp\/v2\/pages\/1244\/revisions"}],"predecessor-version":[{"id":2081,"href":"https:\/\/electricnetgroup.com\/index.php\/wp-json\/wp\/v2\/pages\/1244\/revisions\/2081"}],"wp:attachment":[{"href":"https:\/\/electricnetgroup.com\/index.php\/wp-json\/wp\/v2\/media?parent=1244"}],"curies":[{"name":"wp","href":"https:\/\/api.w.org\/{rel}","templated":true}]}}