{"id":698,"date":"2024-04-01T12:16:47","date_gmt":"2024-04-01T12:16:47","guid":{"rendered":"http:\/\/electricnetgroup.com\/?page_id=698"},"modified":"2025-05-09T14:29:51","modified_gmt":"2025-05-09T14:29:51","slug":"eficienta-energetica","status":"publish","type":"page","link":"https:\/\/electricnetgroup.com\/index.php\/eficienta-energetica\/","title":{"rendered":"Eficien\u0163\u0103 energetic\u0103"},"content":{"rendered":"\t\t<div data-elementor-type=\"wp-page\" data-elementor-id=\"698\" class=\"elementor elementor-698\" data-elementor-post-type=\"page\">\n\t\t\t\t<div class=\"elementor-element elementor-element-5e96698 e-flex e-con-boxed e-con e-parent\" data-id=\"5e96698\" data-element_type=\"container\" data-settings=\"{&quot;_ha_eqh_enable&quot;:false}\" data-core-v316-plus=\"true\">\n\t\t\t\t\t<div class=\"e-con-inner\">\n\t\t<div class=\"elementor-element elementor-element-77941ff e-con-full e-flex e-con e-child\" data-id=\"77941ff\" data-element_type=\"container\" data-settings=\"{&quot;_ha_eqh_enable&quot;:false}\">\n\t\t\t\t<div class=\"elementor-element elementor-element-b65bb6a elementor-widget elementor-widget-image\" data-id=\"b65bb6a\" data-element_type=\"widget\" data-widget_type=\"image.default\">\n\t\t\t\t<div class=\"elementor-widget-container\">\n\t\t\t<style>\/*! elementor - v3.20.0 - 26-03-2024 *\/\n.elementor-widget-image{text-align:center}.elementor-widget-image a{display:inline-block}.elementor-widget-image a img[src$=\".svg\"]{width:48px}.elementor-widget-image img{vertical-align:middle;display:inline-block}<\/style>\t\t\t\t\t\t\t\t\t\t<img fetchpriority=\"high\" decoding=\"async\" width=\"1024\" height=\"683\" src=\"https:\/\/electricnetgroup.com\/wp-content\/uploads\/2023\/12\/shot-wind-turbines-mountains-1024x683.jpg\" class=\"attachment-large size-large wp-image-159\" alt=\"\" srcset=\"https:\/\/electricnetgroup.com\/wp-content\/uploads\/2023\/12\/shot-wind-turbines-mountains-1024x683.jpg 1024w, https:\/\/electricnetgroup.com\/wp-content\/uploads\/2023\/12\/shot-wind-turbines-mountains-300x200.jpg 300w, https:\/\/electricnetgroup.com\/wp-content\/uploads\/2023\/12\/shot-wind-turbines-mountains-768x512.jpg 768w, https:\/\/electricnetgroup.com\/wp-content\/uploads\/2023\/12\/shot-wind-turbines-mountains-1536x1025.jpg 1536w, https:\/\/electricnetgroup.com\/wp-content\/uploads\/2023\/12\/shot-wind-turbines-mountains-2048x1366.jpg 2048w, https:\/\/electricnetgroup.com\/wp-content\/uploads\/2023\/12\/shot-wind-turbines-mountains-930x620.jpg 930w\" sizes=\"(max-width: 1024px) 100vw, 1024px\" \/>\t\t\t\t\t\t\t\t\t\t\t\t\t<\/div>\n\t\t\t\t<\/div>\n\t\t\t\t<\/div>\n\t\t<div class=\"elementor-element elementor-element-9ff16b6 e-con-full e-flex e-con e-child\" data-id=\"9ff16b6\" data-element_type=\"container\" data-settings=\"{&quot;_ha_eqh_enable&quot;:false}\">\n\t\t\t\t<div class=\"elementor-element elementor-element-001ec7f elementor-widget elementor-widget-text-editor\" data-id=\"001ec7f\" data-element_type=\"widget\" data-widget_type=\"text-editor.default\">\n\t\t\t\t<div class=\"elementor-widget-container\">\n\t\t\t<style>\/*! elementor - v3.20.0 - 26-03-2024 *\/\n.elementor-widget-text-editor.elementor-drop-cap-view-stacked .elementor-drop-cap{background-color:#69727d;color:#fff}.elementor-widget-text-editor.elementor-drop-cap-view-framed .elementor-drop-cap{color:#69727d;border:3px solid;background-color:transparent}.elementor-widget-text-editor:not(.elementor-drop-cap-view-default) .elementor-drop-cap{margin-top:8px}.elementor-widget-text-editor:not(.elementor-drop-cap-view-default) .elementor-drop-cap-letter{width:1em;height:1em}.elementor-widget-text-editor .elementor-drop-cap{float:left;text-align:center;line-height:1;font-size:50px}.elementor-widget-text-editor .elementor-drop-cap-letter{display:inline-block}<\/style>\t\t\t\t<p><strong data-start=\"85\" data-end=\"189\">\u00cen documentul de mai jos reg\u0103si\u021bi informa\u021bii utile privind utilizarea eficient\u0103 a energiei electrice<\/strong>, inclusiv date de contact ale organiza\u021biilor relevante, companiilor de servicii energetice, precum \u0219i linkuri c\u0103tre pagini web ce con\u021bin recomand\u0103ri, specifica\u021bii tehnice \u0219i m\u0103suri pentru \u00eembun\u0103t\u0103\u021birea eficien\u021bei energetice.<\/p><p>Vezi mai multe: <a href=\"https:\/\/electricnetgroup.com\/wp-content\/uploads\/2024\/04\/Organizatii-eficienta-energetica_21.03.2024.pdf\">Organizatii eficienta energetica<\/a><\/p>\t\t\t\t\t\t<\/div>\n\t\t\t\t<\/div>\n\t\t\t\t<\/div>\n\t\t\t\t\t<\/div>\n\t\t\t\t<\/div>\n\t\t\t\t<\/div>\n\t\t","protected":false},"excerpt":{"rendered":"<p>\u00cen documentul de mai jos reg\u0103si\u021bi informa\u021bii utile privind utilizarea eficient\u0103 a energiei electrice, inclusiv date de contact ale organiza\u021biilor relevante, companiilor de servicii energetice, precum \u0219i linkuri c\u0103tre pagini web ce con\u021bin recomand\u0103ri, specifica\u021bii tehnice \u0219i m\u0103suri pentru \u00eembun\u0103t\u0103\u021birea eficien\u021bei energetice. Vezi mai multe: Organizatii eficienta energetica<\/p>\n","protected":false},"author":1,"featured_media":0,"parent":0,"menu_order":0,"comment_status":"closed","ping_status":"closed","template":"page-templates\/template-pagebuilder-full-width.php","meta":{"neve_meta_sidebar":"","neve_meta_container":"","neve_meta_enable_content_width":"","neve_meta_content_width":0,"neve_meta_title_alignment":"","neve_meta_author_avatar":"","neve_post_elements_order":"","neve_meta_disable_header":"","neve_meta_disable_footer":"","neve_meta_disable_title":"","footnotes":""},"class_list":["post-698","page","type-page","status-publish","hentry"],"_links":{"self":[{"href":"https:\/\/electricnetgroup.com\/index.php\/wp-json\/wp\/v2\/pages\/698","targetHints":{"allow":["GET"]}}],"collection":[{"href":"https:\/\/electricnetgroup.com\/index.php\/wp-json\/wp\/v2\/pages"}],"about":[{"href":"https:\/\/electricnetgroup.com\/index.php\/wp-json\/wp\/v2\/types\/page"}],"author":[{"embeddable":true,"href":"https:\/\/electricnetgroup.com\/index.php\/wp-json\/wp\/v2\/users\/1"}],"replies":[{"embeddable":true,"href":"https:\/\/electricnetgroup.com\/index.php\/wp-json\/wp\/v2\/comments?post=698"}],"version-history":[{"count":5,"href":"https:\/\/electricnetgroup.com\/index.php\/wp-json\/wp\/v2\/pages\/698\/revisions"}],"predecessor-version":[{"id":1659,"href":"https:\/\/electricnetgroup.com\/index.php\/wp-json\/wp\/v2\/pages\/698\/revisions\/1659"}],"wp:attachment":[{"href":"https:\/\/electricnetgroup.com\/index.php\/wp-json\/wp\/v2\/media?parent=698"}],"curies":[{"name":"wp","href":"https:\/\/api.w.org\/{rel}","templated":true}]}}